{"id":10087,"date":"2017-09-11T10:03:51","date_gmt":"2017-09-11T07:03:51","guid":{"rendered":"https:\/\/metallikeskus.ee\/teenused\/"},"modified":"2019-02-14T13:29:20","modified_gmt":"2019-02-14T11:29:20","slug":"%d1%83%d1%81%d0%bb%d1%83%d0%b3%d0%b8","status":"publish","type":"page","link":"https:\/\/metallikeskus.ee\/ru\/%d1%83%d1%81%d0%bb%d1%83%d0%b3%d0%b8\/","title":{"rendered":"\u0423\u0441\u043b\u0443\u0433\u0438"},"content":{"rendered":"","protected":false},"excerpt":{"rendered":"","protected":false},"author":1,"featured_media":0,"parent":0,"menu_order":20,"comment_status":"closed","ping_status":"closed","template":"","meta":{"_acf_changed":false,"footnotes":""},"class_list":["post-10087","page","type-page","status-publish","hentry"],"acf":[],"yoast_head":"<!-- This site is optimized with the Yoast SEO plugin v27.3 - https:\/\/yoast.com\/product\/yoast-seo-wordpress\/ -->\n<title>\u0423\u0441\u043b\u0443\u0433\u0438 - Metallikeskus<\/title>\n<meta name=\"description\" content=\"Lisaks terase m\u00fc\u00fcgile pakume ka metallit\u00f6\u00f6tlust. Ettev\u00f5ttes on kasutusel mitmeid CNC juhtimisega metallit\u00f6\u00f6pinke, mis v\u00f5imaldavad terasele anda just sellise kuju nagu te soovite.\" \/>\n<meta name=\"robots\" content=\"index, follow, max-snippet:-1, max-image-preview:large, max-video-preview:-1\" \/>\n<link rel=\"canonical\" href=\"https:\/\/metallikeskus.ee\/teenused\/\" \/>\n<meta property=\"og:locale\" content=\"ru_RU\" \/>\n<meta property=\"og:type\" content=\"article\" \/>\n<meta property=\"og:title\" content=\"\u0423\u0441\u043b\u0443\u0433\u0438 - Metallikeskus\" \/>\n<meta property=\"og:description\" content=\"Lisaks terase m\u00fc\u00fcgile pakume ka metallit\u00f6\u00f6tlust. Ettev\u00f5ttes on kasutusel mitmeid CNC juhtimisega metallit\u00f6\u00f6pinke, mis v\u00f5imaldavad terasele anda just sellise kuju nagu te soovite.\" \/>\n<meta property=\"og:url\" content=\"https:\/\/metallikeskus.ee\/teenused\/\" \/>\n<meta property=\"og:site_name\" content=\"Metallikeskus\" \/>\n<meta property=\"article:publisher\" content=\"https:\/\/business.facebook.com\/metallikeskus\/\" \/>\n<meta property=\"article:modified_time\" content=\"2019-02-14T11:29:20+00:00\" \/>\n<meta name=\"twitter:card\" content=\"summary_large_image\" \/>\n<script type=\"application\/ld+json\" class=\"yoast-schema-graph\">{\"@context\":\"https:\\\/\\\/schema.org\",\"@graph\":[{\"@type\":\"WebPage\",\"@id\":\"https:\\\/\\\/metallikeskus.ee\\\/teenused\\\/\",\"url\":\"https:\\\/\\\/metallikeskus.ee\\\/teenused\\\/\",\"name\":\"\u0423\u0441\u043b\u0443\u0433\u0438 - Metallikeskus\",\"isPartOf\":{\"@id\":\"https:\\\/\\\/metallikeskus.ee\\\/#website\"},\"datePublished\":\"2017-09-11T07:03:51+00:00\",\"dateModified\":\"2019-02-14T11:29:20+00:00\",\"description\":\"Lisaks terase m\u00fc\u00fcgile pakume ka metallit\u00f6\u00f6tlust. Ettev\u00f5ttes on kasutusel mitmeid CNC juhtimisega metallit\u00f6\u00f6pinke, mis v\u00f5imaldavad terasele anda just sellise kuju nagu te soovite.\",\"breadcrumb\":{\"@id\":\"https:\\\/\\\/metallikeskus.ee\\\/teenused\\\/#breadcrumb\"},\"inLanguage\":\"ru-RU\",\"potentialAction\":[{\"@type\":\"ReadAction\",\"target\":[\"https:\\\/\\\/metallikeskus.ee\\\/teenused\\\/\"]}]},{\"@type\":\"BreadcrumbList\",\"@id\":\"https:\\\/\\\/metallikeskus.ee\\\/teenused\\\/#breadcrumb\",\"itemListElement\":[{\"@type\":\"ListItem\",\"position\":1,\"name\":\"Home\",\"item\":\"https:\\\/\\\/metallikeskus.ee\\\/ru\\\/\"},{\"@type\":\"ListItem\",\"position\":2,\"name\":\"\u0423\u0441\u043b\u0443\u0433\u0438\"}]},{\"@type\":\"WebSite\",\"@id\":\"https:\\\/\\\/metallikeskus.ee\\\/#website\",\"url\":\"https:\\\/\\\/metallikeskus.ee\\\/\",\"name\":\"Metallikeskus\",\"description\":\"\",\"potentialAction\":[{\"@type\":\"SearchAction\",\"target\":{\"@type\":\"EntryPoint\",\"urlTemplate\":\"https:\\\/\\\/metallikeskus.ee\\\/?s={search_term_string}\"},\"query-input\":{\"@type\":\"PropertyValueSpecification\",\"valueRequired\":true,\"valueName\":\"search_term_string\"}}],\"inLanguage\":\"ru-RU\"}]}<\/script>\n<!-- \/ Yoast SEO plugin. -->","yoast_head_json":{"title":"\u0423\u0441\u043b\u0443\u0433\u0438 - Metallikeskus","description":"Lisaks terase m\u00fc\u00fcgile pakume ka metallit\u00f6\u00f6tlust. Ettev\u00f5ttes on kasutusel mitmeid CNC juhtimisega metallit\u00f6\u00f6pinke, mis v\u00f5imaldavad terasele anda just sellise kuju nagu te soovite.","robots":{"index":"index","follow":"follow","max-snippet":"max-snippet:-1","max-image-preview":"max-image-preview:large","max-video-preview":"max-video-preview:-1"},"canonical":"https:\/\/metallikeskus.ee\/teenused\/","og_locale":"ru_RU","og_type":"article","og_title":"\u0423\u0441\u043b\u0443\u0433\u0438 - Metallikeskus","og_description":"Lisaks terase m\u00fc\u00fcgile pakume ka metallit\u00f6\u00f6tlust. Ettev\u00f5ttes on kasutusel mitmeid CNC juhtimisega metallit\u00f6\u00f6pinke, mis v\u00f5imaldavad terasele anda just sellise kuju nagu te soovite.","og_url":"https:\/\/metallikeskus.ee\/teenused\/","og_site_name":"Metallikeskus","article_publisher":"https:\/\/business.facebook.com\/metallikeskus\/","article_modified_time":"2019-02-14T11:29:20+00:00","twitter_card":"summary_large_image","schema":{"@context":"https:\/\/schema.org","@graph":[{"@type":"WebPage","@id":"https:\/\/metallikeskus.ee\/teenused\/","url":"https:\/\/metallikeskus.ee\/teenused\/","name":"\u0423\u0441\u043b\u0443\u0433\u0438 - Metallikeskus","isPartOf":{"@id":"https:\/\/metallikeskus.ee\/#website"},"datePublished":"2017-09-11T07:03:51+00:00","dateModified":"2019-02-14T11:29:20+00:00","description":"Lisaks terase m\u00fc\u00fcgile pakume ka metallit\u00f6\u00f6tlust. Ettev\u00f5ttes on kasutusel mitmeid CNC juhtimisega metallit\u00f6\u00f6pinke, mis v\u00f5imaldavad terasele anda just sellise kuju nagu te soovite.","breadcrumb":{"@id":"https:\/\/metallikeskus.ee\/teenused\/#breadcrumb"},"inLanguage":"ru-RU","potentialAction":[{"@type":"ReadAction","target":["https:\/\/metallikeskus.ee\/teenused\/"]}]},{"@type":"BreadcrumbList","@id":"https:\/\/metallikeskus.ee\/teenused\/#breadcrumb","itemListElement":[{"@type":"ListItem","position":1,"name":"Home","item":"https:\/\/metallikeskus.ee\/ru\/"},{"@type":"ListItem","position":2,"name":"\u0423\u0441\u043b\u0443\u0433\u0438"}]},{"@type":"WebSite","@id":"https:\/\/metallikeskus.ee\/#website","url":"https:\/\/metallikeskus.ee\/","name":"Metallikeskus","description":"","potentialAction":[{"@type":"SearchAction","target":{"@type":"EntryPoint","urlTemplate":"https:\/\/metallikeskus.ee\/?s={search_term_string}"},"query-input":{"@type":"PropertyValueSpecification","valueRequired":true,"valueName":"search_term_string"}}],"inLanguage":"ru-RU"}]}},"_links":{"self":[{"href":"https:\/\/metallikeskus.ee\/ru\/wp-json\/wp\/v2\/pages\/10087","targetHints":{"allow":["GET"]}}],"collection":[{"href":"https:\/\/metallikeskus.ee\/ru\/wp-json\/wp\/v2\/pages"}],"about":[{"href":"https:\/\/metallikeskus.ee\/ru\/wp-json\/wp\/v2\/types\/page"}],"author":[{"embeddable":true,"href":"https:\/\/metallikeskus.ee\/ru\/wp-json\/wp\/v2\/users\/1"}],"replies":[{"embeddable":true,"href":"https:\/\/metallikeskus.ee\/ru\/wp-json\/wp\/v2\/comments?post=10087"}],"version-history":[{"count":0,"href":"https:\/\/metallikeskus.ee\/ru\/wp-json\/wp\/v2\/pages\/10087\/revisions"}],"wp:attachment":[{"href":"https:\/\/metallikeskus.ee\/ru\/wp-json\/wp\/v2\/media?parent=10087"}],"curies":[{"name":"wp","href":"https:\/\/api.w.org\/{rel}","templated":true}]}}